{"id":728,"date":"2022-02-25T11:28:35","date_gmt":"2022-02-25T10:28:35","guid":{"rendered":"https:\/\/chiaraissa.de\/biografie\/"},"modified":"2022-12-13T13:20:49","modified_gmt":"2022-12-13T12:20:49","slug":"biografie","status":"publish","type":"page","link":"https:\/\/chiaraissa.de\/fr\/biografie\/","title":{"rendered":"Biografie"},"content":{"rendered":"<section class=\"l-section wpb_row us_custom_0f25a30d height_auto color_alternate\"><div class=\"l-section-h i-cf\"><div class=\"g-cols vc_row via_grid cols_2 laptops-cols_inherit tablets-cols_inherit mobiles-cols_1 valign_top type_default stacking_default\"><div class=\"wpb_column vc_column_container\"><div class=\"vc_column-inner\"><div class=\"w-separator size_large\"><\/div><div class=\"wpb_text_column us_custom_13d70339\"><div class=\"wpb_wrapper\"><h2>Chia Raissa Gildemeister<\/h2>\n<p>Ich bin Chia Raissa Gildemeister, geboren an der Cote d\u2019Ivoire (Elfenbeink\u00fcste), und arbeite seit vielen Jahren als K\u00fcnstlerin in Deutschland. Erfahren Sie hier mehr \u00fcber meine Arbeit oder kaufen Sie im Shop meine Original-Kunstwerke, echte Unikate.<\/p>\n<h3>Nord-Deutschland und<br \/>\nNord-Elfenbeink\u00fcste<\/h3>\n<p>In meinem Atelier im K\u00fcnstlerdorf von Worpswede bei Bremen gestalte ich afrikanische Collagen, Bilder, Zeichnungen, Skulpturen, Plastiken und Installationen. Die Werke bringen immer wieder den Menschen in den Vordergrund und sind stark von den Stilen der Korhogo-Region in der Nord-Elfenbeink\u00fcste inspiriert.<\/p>\n<\/div><\/div><\/div><\/div><div class=\"wpb_column vc_column_container\"><div class=\"vc_column-inner\"><div class=\"w-image style_shadow-1 align_left\"><div class=\"w-image-h\"><img loading=\"lazy\" decoding=\"async\" width=\"449\" height=\"600\" src=\"https:\/\/chiaraissa.de\/wp-content\/uploads\/2022\/02\/galerie_08_klein.jpg\" class=\"attachment-full size-full\" alt=\"\" srcset=\"https:\/\/chiaraissa.de\/wp-content\/uploads\/2022\/02\/galerie_08_klein.jpg 449w, https:\/\/chiaraissa.de\/wp-content\/uploads\/2022\/02\/galerie_08_klein-225x300.jpg 225w\" sizes=\"auto, (max-width: 449px) 100vw, 449px\" \/><\/div><\/div><div class=\"w-separator size_medium\"><\/div><div class=\"w-btn-wrapper align_left\"><a class=\"w-btn us-btn-style_6 icon_atleft\" title=\"Shop\" href=\"https:\/\/chiaraissa.de\/shop\/\"><i class=\"fas fa-arrow-right\"><\/i><span class=\"w-btn-label\">Shop<\/span><\/a><\/div><div class=\"w-separator size_medium\"><\/div><\/div><\/div><\/div><\/div><\/section><section class=\"l-section wpb_row height_auto width_full color_alternate\" id=\"uebermich\"><div class=\"l-section-h i-cf\"><div class=\"g-cols vc_row via_grid cols_2 laptops-cols_inherit tablets-cols_inherit mobiles-cols_1 valign_top type_default reversed stacking_default\" style=\"grid-gap:0;\"><div class=\"wpb_column vc_column_container\"><div class=\"vc_column-inner\"><div class=\"w-image style_shadow-1 align_left\"><div class=\"w-image-h\"><img loading=\"lazy\" decoding=\"async\" width=\"1024\" height=\"768\" src=\"https:\/\/chiaraissa.de\/wp-content\/uploads\/2022\/10\/Kampa--1024x768.jpg\" class=\"attachment-large size-large\" alt=\"\" srcset=\"https:\/\/chiaraissa.de\/wp-content\/uploads\/2022\/10\/Kampa--1024x768.jpg 1024w, https:\/\/chiaraissa.de\/wp-content\/uploads\/2022\/10\/Kampa--300x225.jpg 300w, https:\/\/chiaraissa.de\/wp-content\/uploads\/2022\/10\/Kampa--600x450.jpg 600w, https:\/\/chiaraissa.de\/wp-content\/uploads\/2022\/10\/Kampa-.jpg 1900w\" sizes=\"auto, (max-width: 1024px) 100vw, 1024px\" \/><\/div><\/div><div class=\"w-separator size_medium\"><\/div><div class=\"g-cols wpb_row via_grid cols_1-4 laptops-cols_inherit tablets-cols_inherit mobiles-cols_1 valign_top type_default stacking_default\"><div class=\"wpb_column vc_column_container\"><div class=\"vc_column-inner\"><\/div><\/div><div class=\"wpb_column vc_column_container us_custom_6618e26b\"><div class=\"vc_column-inner\"><div class=\"wpb_text_column us_custom_13d70339\"><div class=\"wpb_wrapper\"><h3>Heimat<\/h3>\n<p>Heimat ist eine Gef\u00fchlspalette, die eine Menge positiver Reize zu bieten hat, beruhigt, entspannt, d\u00e4mpft und \u00c4ngste abbaut. In einem St\u00fcck vertrautem sozialen Raum, ist Heimat die Stimmung der Sicherheit. Heimat schafft eine optimistische Stimmung und stellt Ideen der Freude und der F\u00fclle dar.<\/p>\n<p>F\u00fcr mich ist Heimat nicht nur mit der positiven Seite der Geistes verbunden, sondern auch einem negativen Element, n\u00e4mlich dem Wahnsinn des Krieges, des Hungers und des Leids in Afrika.<\/p>\n<p>Heimat symbolisiert Sehnsucht, Schutz, Treue und ist also ein Transformation- Prozess. Die Heimat f\u00fchrt immer ein St\u00fcck Leidenschaft und Identit\u00e4ts- Finsternis mit sich.<\/p>\n<p>\u201eHeimat ist der Neid\u201c und st\u00e4rkt das Durchsetzungsverm\u00f6gen: \u201eHeimat ist Blut und Leben\u201c. Heimat ist Kommunikation, W\u00e4rme, Optimismus, Inspiration, spirituell und unsichtbar. In der Heimat sieht man das Kraftzentrum mit dem sich die Menschen in die Au\u00dfenwelt setzen. Heimat ist ein Ort mit verschiedener Kultur, wo man Lebenskraft findet. Sie ist die Farbe der Liebe und der Aggression.<\/p>\n<p>Heimat findet man in sich selbst: denn \u201eHeimat ist Treu\u201c Heimat ist wo Liebe ist. Heimat der Sinn von Wohlbefinden, aber ein Heimat ist nicht fest und unver\u00e4nderlich, denn Heimat ist nun mal Ver\u00e4nderungen zu akzeptieren, Liebe f\u00fcr die anderen zu entwickeln, sich kennen zu lernen und die anderen Mitmenschen zu lieben.<\/p>\n<p>Heimat macht gl\u00fccklich aber auch krank.<\/p>\n<p>Heimat sollte so flexibel sein wie die Kunst, aber oft f\u00fchrt sie zur Ausgrenzung.<\/p>\n<p>In meinem Kopf ist meine Heimat, sie ist die Kunst die ich verstehe und die mich versteht.<\/p>\n<\/div><\/div><\/div><\/div><\/div><\/div><\/div><div class=\"wpb_column vc_column_container us_custom_793eca89\"><div class=\"vc_column-inner\"><div class=\"w-separator size_medium\"><\/div><div class=\"wpb_text_column\"><div class=\"wpb_wrapper\"><p>Meine Arbeiten wurden in zahlreichen Ausstellungen in Museen und Galerien in Worpswede, Bremen, Hannover, M\u00fcnchen, Mainz, Osterholz-Scharmbeck und im gesamten norddeutschen Raum ausgestellt und erschienen in unterschiedlichen Presseberichten.<\/p>\n<p>Des Weiteren wurden umfangreiche Ausstellungen in Abidjan an der Elfenbeink\u00fcste in unterschiedlichen Kunstgalerien ausgestellt.<\/p>\n<p>Ausgew\u00e4hlte Arbeiten k\u00f6nnen auch im Atelier betrachtet und dort oder hier im Online-Shop erworben werden.<\/p>\n<\/div><\/div><div class=\"w-separator size_medium\"><\/div><div class=\"wpb_text_column\"><div class=\"wpb_wrapper\"><h3>Arbeiten<\/h3>\n<p style=\"text-align: left\">Die Werke symbolisieren eine Erinnerung meiner zur\u00fcckgelassenen Lebenswelt in Afrika.<\/p>\n<p style=\"text-align: left\">Freunde, Gesichter, Bunte M\u00e4rkte mit gl\u00fccklichen und traurigen Menschen, Sehnsucht, Verzweiflung, Hoffnung und \u00c4ngsten. Die Gesichter meiner Freunde und Verwandte \u2013 zur\u00fcckgelassen in meiner Heimat und die Zerrissenheit der Gef\u00fchle spiegelt sich in der fig\u00fcrlichen Darstellung der Gesichter wieder \u2013 oft bin ich es selbst, die als Person mit unterschiedliche Pers\u00f6nlichkeiten konfrontiert ist. Mit der Dauer der Trennung verzerren sich die Hoffnung und Erinnerung in den Gesichtern.<\/p>\n<\/div><\/div><div class=\"w-separator size_medium\"><\/div><div class=\"w-image style_shadow-1 align_left meta_simple\"><div class=\"w-image-h\"><img loading=\"lazy\" decoding=\"async\" width=\"1133\" height=\"1700\" src=\"https:\/\/chiaraissa.de\/wp-content\/uploads\/2022\/10\/DSC8373.jpg\" class=\"attachment-full size-full\" alt=\"\" srcset=\"https:\/\/chiaraissa.de\/wp-content\/uploads\/2022\/10\/DSC8373.jpg 1133w, https:\/\/chiaraissa.de\/wp-content\/uploads\/2022\/10\/DSC8373-200x300.jpg 200w, https:\/\/chiaraissa.de\/wp-content\/uploads\/2022\/10\/DSC8373-682x1024.jpg 682w, https:\/\/chiaraissa.de\/wp-content\/uploads\/2022\/10\/DSC8373-600x900.jpg 600w\" sizes=\"auto, (max-width: 1133px) 100vw, 1133px\" \/><\/div><div class=\"w-image-meta\"><div class=\"w-image-title\">\u00a9 Sarah Heuser<\/div><div class=\"w-image-description\">K\u00fcnstlerin Chia Raissa Gildemeister<\/div><\/div><\/div><div class=\"w-separator size_large\"><\/div><\/div><\/div><\/div><\/div><\/section><section class=\"l-section wpb_row height_medium color_alternate\"><div class=\"l-section-h i-cf\"><div class=\"g-cols vc_row via_grid cols_1 laptops-cols_inherit tablets-cols_inherit mobiles-cols_1 valign_top type_default stacking_default\"><div class=\"wpb_column vc_column_container\"><div class=\"vc_column-inner\"><div class=\"wpb_text_column us_custom_a574d586 has_text_color\"><div class=\"wpb_wrapper\"><h4>Hier sehen Sie eine Auswahl der afrikanischen Malereien, Grafiken und Collagen von Chia Raissa Gildemeister aus verschiedenen Jahren:<\/h4>\n<\/div><\/div><\/div><\/div><\/div><\/div><\/section><section class=\"l-section wpb_row height_small color_alternate\"><div class=\"l-section-h i-cf\"><div class=\"g-cols vc_row via_grid cols_1 laptops-cols_inherit tablets-cols_inherit mobiles-cols_1 valign_top type_default stacking_default\"><div class=\"wpb_column vc_column_container\"><div class=\"vc_column-inner\"><div class=\"w-grid type_masonry layout_587 cols_3 with_isotope\" id=\"us_grid_1\" data-filterable=\"true\"><style>#us_grid_1 .w-grid-item{padding:1.5rem}#us_grid_1 .w-grid-list{margin:-1.5rem}.w-grid + #us_grid_1 .w-grid-list,.w-grid-none + #us_grid_1 .w-grid-list{margin-top:1.5rem}@media (max-width:899px){#us_grid_1 .w-grid-item{width:50%}}@media (max-width:599px){#us_grid_1 .w-grid-list{margin:0}#us_grid_1 .w-grid-item{width:100%;padding:0;margin-bottom:1.5rem}}.layout_587 .w-grid-item-h{}.layout_587 .usg_post_image_1{transition-duration:0.4s;transform-origin:50% 50%;transform:scale(1) translate(0%,0%)}.layout_587 .w-grid-item-h:hover .usg_post_image_1{transform:scale(1) translate(0%,0%);opacity:0.25}.layout_587 .usg_post_title_1{transition-duration:0.3s;transform-origin:50% 50%;transform:scale(1) translate(0%,-100%);opacity:0}.layout_587 .w-grid-item-h:hover .usg_post_title_1{transform:scale(1) translate(0%,0%);opacity:1}.layout_587 .usg_vwrapper_1{position:absolute!important;left:0!important;top:0!important;bottom:0!important;right:0!important;padding:2rem!important}.layout_587 .usg_post_title_1{color:var(--color-alt-content-link)!important;font-size:1.4rem!important}<\/style><div class=\"w-grid-list\">\t<article class=\"w-grid-item post-451 attachment type-attachment status-inherit hentry\" data-id=\"451\">\r\n\t\t<div class=\"w-grid-item-h\">\r\n\t\t\t\t\t\t\t<a class=\"w-grid-item-anchor\" href=\"https:\/\/chiaraissa.de\/wp-content\/uploads\/2022\/02\/galerie_09.jpg\" ref=\"magnificPopupGrid\" title aria-label><\/a>\r\n\t\t\t\t\t\t<div class=\"w-post-elm post_image usg_post_image_1 stretched\"><img loading=\"lazy\" decoding=\"async\" width=\"800\" height=\"1233\" src=\"https:\/\/chiaraissa.de\/wp-content\/uploads\/2022\/02\/galerie_09.jpg\" class=\"attachment-full size-full\" alt=\"\" srcset=\"https:\/\/chiaraissa.de\/wp-content\/uploads\/2022\/02\/galerie_09.jpg 800w, https:\/\/chiaraissa.de\/wp-content\/uploads\/2022\/02\/galerie_09-195x300.jpg 195w, https:\/\/chiaraissa.de\/wp-content\/uploads\/2022\/02\/galerie_09-664x1024.jpg 664w, https:\/\/chiaraissa.de\/wp-content\/uploads\/2022\/02\/galerie_09-600x925.jpg 600w\" sizes=\"auto, (max-width: 800px) 100vw, 800px\" \/><\/div><div class=\"w-vwrapper usg_vwrapper_1 align_center valign_middle\"><h4 class=\"w-post-elm post_title usg_post_title_1 has_text_color entry-title color_link_inherit\"><\/h4><\/div>\t\t<\/div>\r\n\t<\/article>\r\n\t<article class=\"w-grid-item post-729 attachment type-attachment status-inherit hentry\" data-id=\"729\">\r\n\t\t<div class=\"w-grid-item-h\">\r\n\t\t\t\t\t\t\t<a class=\"w-grid-item-anchor\" href=\"https:\/\/chiaraissa.de\/wp-content\/uploads\/2022\/02\/galerie_01.jpg\" ref=\"magnificPopupGrid\" title=\"galerie_01\"><\/a>\r\n\t\t\t\t\t\t<div class=\"w-post-elm post_image usg_post_image_1 stretched\"><img loading=\"lazy\" decoding=\"async\" width=\"800\" height=\"1156\" src=\"https:\/\/chiaraissa.de\/wp-content\/uploads\/2022\/02\/galerie_01.jpg\" class=\"attachment-full size-full\" alt=\"\" srcset=\"https:\/\/chiaraissa.de\/wp-content\/uploads\/2022\/02\/galerie_01.jpg 800w, https:\/\/chiaraissa.de\/wp-content\/uploads\/2022\/02\/galerie_01-208x300.jpg 208w, https:\/\/chiaraissa.de\/wp-content\/uploads\/2022\/02\/galerie_01-709x1024.jpg 709w, https:\/\/chiaraissa.de\/wp-content\/uploads\/2022\/02\/galerie_01-600x867.jpg 600w\" sizes=\"auto, (max-width: 800px) 100vw, 800px\" \/><\/div><div class=\"w-vwrapper usg_vwrapper_1 align_center valign_middle\"><h4 class=\"w-post-elm post_title usg_post_title_1 has_text_color entry-title color_link_inherit\">galerie_01<\/h4><\/div>\t\t<\/div>\r\n\t<\/article>\r\n\t<article class=\"w-grid-item post-447 attachment type-attachment status-inherit hentry\" data-id=\"447\">\r\n\t\t<div class=\"w-grid-item-h\">\r\n\t\t\t\t\t\t\t<a class=\"w-grid-item-anchor\" href=\"https:\/\/chiaraissa.de\/wp-content\/uploads\/2022\/02\/galerie_05.jpg\" ref=\"magnificPopupGrid\" title aria-label><\/a>\r\n\t\t\t\t\t\t<div class=\"w-post-elm post_image usg_post_image_1 stretched\"><img loading=\"lazy\" decoding=\"async\" width=\"900\" height=\"683\" src=\"https:\/\/chiaraissa.de\/wp-content\/uploads\/2022\/02\/galerie_05.jpg\" class=\"attachment-full size-full\" alt=\"\" srcset=\"https:\/\/chiaraissa.de\/wp-content\/uploads\/2022\/02\/galerie_05.jpg 900w, https:\/\/chiaraissa.de\/wp-content\/uploads\/2022\/02\/galerie_05-300x228.jpg 300w, https:\/\/chiaraissa.de\/wp-content\/uploads\/2022\/02\/galerie_05-600x455.jpg 600w\" sizes=\"auto, (max-width: 900px) 100vw, 900px\" \/><\/div><div class=\"w-vwrapper usg_vwrapper_1 align_center valign_middle\"><h4 class=\"w-post-elm post_title usg_post_title_1 has_text_color entry-title color_link_inherit\"><\/h4><\/div>\t\t<\/div>\r\n\t<\/article>\r\n\t<article class=\"w-grid-item post-445 attachment type-attachment status-inherit hentry\" data-id=\"445\">\r\n\t\t<div class=\"w-grid-item-h\">\r\n\t\t\t\t\t\t\t<a class=\"w-grid-item-anchor\" href=\"https:\/\/chiaraissa.de\/wp-content\/uploads\/2022\/02\/galerie_03.jpg\" ref=\"magnificPopupGrid\" title aria-label><\/a>\r\n\t\t\t\t\t\t<div class=\"w-post-elm post_image usg_post_image_1 stretched\"><img loading=\"lazy\" decoding=\"async\" width=\"700\" height=\"691\" src=\"https:\/\/chiaraissa.de\/wp-content\/uploads\/2022\/02\/galerie_03.jpg\" class=\"attachment-full size-full\" alt=\"\" srcset=\"https:\/\/chiaraissa.de\/wp-content\/uploads\/2022\/02\/galerie_03.jpg 700w, https:\/\/chiaraissa.de\/wp-content\/uploads\/2022\/02\/galerie_03-300x296.jpg 300w, https:\/\/chiaraissa.de\/wp-content\/uploads\/2022\/02\/galerie_03-600x592.jpg 600w\" sizes=\"auto, (max-width: 700px) 100vw, 700px\" \/><\/div><div class=\"w-vwrapper usg_vwrapper_1 align_center valign_middle\"><h4 class=\"w-post-elm post_title usg_post_title_1 has_text_color entry-title color_link_inherit\"><\/h4><\/div>\t\t<\/div>\r\n\t<\/article>\r\n\t<article class=\"w-grid-item post-452 attachment type-attachment status-inherit hentry\" data-id=\"452\">\r\n\t\t<div class=\"w-grid-item-h\">\r\n\t\t\t\t\t\t\t<a class=\"w-grid-item-anchor\" href=\"https:\/\/chiaraissa.de\/wp-content\/uploads\/2022\/02\/galerie_10.jpg\" ref=\"magnificPopupGrid\" title aria-label><\/a>\r\n\t\t\t\t\t\t<div class=\"w-post-elm post_image usg_post_image_1 stretched\"><img loading=\"lazy\" decoding=\"async\" width=\"541\" height=\"800\" src=\"https:\/\/chiaraissa.de\/wp-content\/uploads\/2022\/02\/galerie_10.jpg\" class=\"attachment-full size-full\" alt=\"\" srcset=\"https:\/\/chiaraissa.de\/wp-content\/uploads\/2022\/02\/galerie_10.jpg 541w, https:\/\/chiaraissa.de\/wp-content\/uploads\/2022\/02\/galerie_10-203x300.jpg 203w\" sizes=\"auto, (max-width: 541px) 100vw, 541px\" \/><\/div><div class=\"w-vwrapper usg_vwrapper_1 align_center valign_middle\"><h4 class=\"w-post-elm post_title usg_post_title_1 has_text_color entry-title color_link_inherit\"><\/h4><\/div>\t\t<\/div>\r\n\t<\/article>\r\n\t<article class=\"w-grid-item post-444 attachment type-attachment status-inherit hentry\" data-id=\"444\">\r\n\t\t<div class=\"w-grid-item-h\">\r\n\t\t\t\t\t\t\t<a class=\"w-grid-item-anchor\" href=\"https:\/\/chiaraissa.de\/wp-content\/uploads\/2022\/02\/galerie_02.jpg\" ref=\"magnificPopupGrid\" title aria-label><\/a>\r\n\t\t\t\t\t\t<div class=\"w-post-elm post_image usg_post_image_1 stretched\"><img loading=\"lazy\" decoding=\"async\" width=\"600\" height=\"878\" src=\"https:\/\/chiaraissa.de\/wp-content\/uploads\/2022\/02\/galerie_02.jpg\" class=\"attachment-full size-full\" alt=\"\" srcset=\"https:\/\/chiaraissa.de\/wp-content\/uploads\/2022\/02\/galerie_02.jpg 600w, https:\/\/chiaraissa.de\/wp-content\/uploads\/2022\/02\/galerie_02-205x300.jpg 205w\" sizes=\"auto, (max-width: 600px) 100vw, 600px\" \/><\/div><div class=\"w-vwrapper usg_vwrapper_1 align_center valign_middle\"><h4 class=\"w-post-elm post_title usg_post_title_1 has_text_color entry-title color_link_inherit\"><\/h4><\/div>\t\t<\/div>\r\n\t<\/article>\r\n\t<article class=\"w-grid-item post-449 attachment type-attachment status-inherit hentry\" data-id=\"449\">\r\n\t\t<div class=\"w-grid-item-h\">\r\n\t\t\t\t\t\t\t<a class=\"w-grid-item-anchor\" href=\"https:\/\/chiaraissa.de\/wp-content\/uploads\/2022\/02\/galerie_07.jpg\" ref=\"magnificPopupGrid\" title aria-label><\/a>\r\n\t\t\t\t\t\t<div class=\"w-post-elm post_image usg_post_image_1 stretched\"><img loading=\"lazy\" decoding=\"async\" width=\"900\" height=\"439\" src=\"https:\/\/chiaraissa.de\/wp-content\/uploads\/2022\/02\/galerie_07.jpg\" class=\"attachment-full size-full\" alt=\"\" srcset=\"https:\/\/chiaraissa.de\/wp-content\/uploads\/2022\/02\/galerie_07.jpg 900w, https:\/\/chiaraissa.de\/wp-content\/uploads\/2022\/02\/galerie_07-300x146.jpg 300w, https:\/\/chiaraissa.de\/wp-content\/uploads\/2022\/02\/galerie_07-600x293.jpg 600w\" sizes=\"auto, (max-width: 900px) 100vw, 900px\" \/><\/div><div class=\"w-vwrapper usg_vwrapper_1 align_center valign_middle\"><h4 class=\"w-post-elm post_title usg_post_title_1 has_text_color entry-title color_link_inherit\"><\/h4><\/div>\t\t<\/div>\r\n\t<\/article>\r\n\t<article class=\"w-grid-item post-446 attachment type-attachment status-inherit hentry\" data-id=\"446\">\r\n\t\t<div class=\"w-grid-item-h\">\r\n\t\t\t\t\t\t\t<a class=\"w-grid-item-anchor\" href=\"https:\/\/chiaraissa.de\/wp-content\/uploads\/2022\/02\/galerie_04.jpg\" ref=\"magnificPopupGrid\" title aria-label><\/a>\r\n\t\t\t\t\t\t<div class=\"w-post-elm post_image usg_post_image_1 stretched\"><img loading=\"lazy\" decoding=\"async\" width=\"700\" height=\"664\" src=\"https:\/\/chiaraissa.de\/wp-content\/uploads\/2022\/02\/galerie_04.jpg\" class=\"attachment-full size-full\" alt=\"\" srcset=\"https:\/\/chiaraissa.de\/wp-content\/uploads\/2022\/02\/galerie_04.jpg 700w, https:\/\/chiaraissa.de\/wp-content\/uploads\/2022\/02\/galerie_04-300x285.jpg 300w, https:\/\/chiaraissa.de\/wp-content\/uploads\/2022\/02\/galerie_04-600x569.jpg 600w\" sizes=\"auto, (max-width: 700px) 100vw, 700px\" \/><\/div><div class=\"w-vwrapper usg_vwrapper_1 align_center valign_middle\"><h4 class=\"w-post-elm post_title usg_post_title_1 has_text_color entry-title color_link_inherit\"><\/h4><\/div>\t\t<\/div>\r\n\t<\/article>\r\n\t<article class=\"w-grid-item post-450 attachment type-attachment status-inherit hentry\" data-id=\"450\">\r\n\t\t<div class=\"w-grid-item-h\">\r\n\t\t\t\t\t\t\t<a class=\"w-grid-item-anchor\" href=\"https:\/\/chiaraissa.de\/wp-content\/uploads\/2022\/02\/galerie_08.jpg\" ref=\"magnificPopupGrid\" title aria-label><\/a>\r\n\t\t\t\t\t\t<div class=\"w-post-elm post_image usg_post_image_1 stretched\"><img loading=\"lazy\" decoding=\"async\" width=\"674\" height=\"900\" src=\"https:\/\/chiaraissa.de\/wp-content\/uploads\/2022\/02\/galerie_08.jpg\" class=\"attachment-full size-full\" alt=\"\" srcset=\"https:\/\/chiaraissa.de\/wp-content\/uploads\/2022\/02\/galerie_08.jpg 674w, https:\/\/chiaraissa.de\/wp-content\/uploads\/2022\/02\/galerie_08-225x300.jpg 225w, https:\/\/chiaraissa.de\/wp-content\/uploads\/2022\/02\/galerie_08-600x801.jpg 600w\" sizes=\"auto, (max-width: 674px) 100vw, 674px\" \/><\/div><div class=\"w-vwrapper usg_vwrapper_1 align_center valign_middle\"><h4 class=\"w-post-elm post_title usg_post_title_1 has_text_color entry-title color_link_inherit\"><\/h4><\/div>\t\t<\/div>\r\n\t<\/article>\r\n\t<article class=\"w-grid-item post-448 attachment type-attachment status-inherit hentry\" data-id=\"448\">\r\n\t\t<div class=\"w-grid-item-h\">\r\n\t\t\t\t\t\t\t<a class=\"w-grid-item-anchor\" href=\"https:\/\/chiaraissa.de\/wp-content\/uploads\/2022\/02\/galerie_06.jpg\" ref=\"magnificPopupGrid\" title aria-label><\/a>\r\n\t\t\t\t\t\t<div class=\"w-post-elm post_image usg_post_image_1 stretched\"><img loading=\"lazy\" decoding=\"async\" width=\"535\" height=\"803\" src=\"https:\/\/chiaraissa.de\/wp-content\/uploads\/2022\/02\/galerie_06.jpg\" class=\"attachment-full size-full\" alt=\"\" srcset=\"https:\/\/chiaraissa.de\/wp-content\/uploads\/2022\/02\/galerie_06.jpg 535w, https:\/\/chiaraissa.de\/wp-content\/uploads\/2022\/02\/galerie_06-200x300.jpg 200w\" sizes=\"auto, (max-width: 535px) 100vw, 535px\" \/><\/div><div class=\"w-vwrapper usg_vwrapper_1 align_center valign_middle\"><h4 class=\"w-post-elm post_title usg_post_title_1 has_text_color entry-title color_link_inherit\"><\/h4><\/div>\t\t<\/div>\r\n\t<\/article>\r\n<\/div><div class=\"w-grid-preloader\"><div class=\"g-preloader type_1\">\r\n\t<div><\/div>\r\n<\/div>\r\n<\/div>\t<div class=\"w-grid-json hidden\" onclick='return {&quot;action&quot;:&quot;us_ajax_grid&quot;,&quot;ajax_url&quot;:&quot;https:\\\/\\\/chiaraissa.de\\\/wp-admin\\\/admin-ajax.php&quot;,&quot;infinite_scroll&quot;:0,&quot;max_num_pages&quot;:1,&quot;pagination&quot;:&quot;none&quot;,&quot;permalink_url&quot;:&quot;https:\\\/\\\/chiaraissa.de\\\/fr\\\/wp-json\\\/wp\\\/v2\\\/pages\\\/728\\\/&quot;,&quot;template_vars&quot;:{&quot;columns&quot;:&quot;3&quot;,&quot;exclude_items&quot;:&quot;none&quot;,&quot;img_size&quot;:&quot;full&quot;,&quot;ignore_items_size&quot;:0,&quot;items_layout&quot;:&quot;587&quot;,&quot;items_offset&quot;:&quot;1&quot;,&quot;load_animation&quot;:&quot;none&quot;,&quot;overriding_link&quot;:&quot;popup_post_image&quot;,&quot;post_id&quot;:728,&quot;query_args&quot;:{&quot;post_type&quot;:[&quot;attachment&quot;],&quot;post__in&quot;:[&quot;443&quot;,&quot;444&quot;,&quot;445&quot;,&quot;446&quot;,&quot;447&quot;,&quot;448&quot;,&quot;449&quot;,&quot;450&quot;,&quot;451&quot;,&quot;452&quot;],&quot;post_status&quot;:&quot;inherit&quot;,&quot;post_mime_type&quot;:&quot;image&quot;,&quot;posts_per_page&quot;:&quot;10&quot;},&quot;orderby_query_args&quot;:{&quot;orderby&quot;:&quot;RAND(665093470)&quot;},&quot;type&quot;:&quot;masonry&quot;,&quot;us_grid_ajax_index&quot;:1,&quot;us_grid_filter_params&quot;:null,&quot;us_grid_index&quot;:1,&quot;_us_grid_post_type&quot;:&quot;attachment&quot;,&quot;lang&quot;:&quot;fr&quot;}}'><\/div>\r\n\t<\/div><\/div><\/div><\/div><\/div><\/section>\n","protected":false},"excerpt":{"rendered":"","protected":false},"author":1,"featured_media":0,"parent":0,"menu_order":2,"comment_status":"closed","ping_status":"closed","template":"","meta":{"footnotes":""},"class_list":["post-728","page","type-page","status-publish","hentry"],"aioseo_notices":[],"_links":{"self":[{"href":"https:\/\/chiaraissa.de\/fr\/wp-json\/wp\/v2\/pages\/728","targetHints":{"allow":["GET"]}}],"collection":[{"href":"https:\/\/chiaraissa.de\/fr\/wp-json\/wp\/v2\/pages"}],"about":[{"href":"https:\/\/chiaraissa.de\/fr\/wp-json\/wp\/v2\/types\/page"}],"author":[{"embeddable":true,"href":"https:\/\/chiaraissa.de\/fr\/wp-json\/wp\/v2\/users\/1"}],"replies":[{"embeddable":true,"href":"https:\/\/chiaraissa.de\/fr\/wp-json\/wp\/v2\/comments?post=728"}],"version-history":[{"count":8,"href":"https:\/\/chiaraissa.de\/fr\/wp-json\/wp\/v2\/pages\/728\/revisions"}],"predecessor-version":[{"id":875,"href":"https:\/\/chiaraissa.de\/fr\/wp-json\/wp\/v2\/pages\/728\/revisions\/875"}],"wp:attachment":[{"href":"https:\/\/chiaraissa.de\/fr\/wp-json\/wp\/v2\/media?parent=728"}],"curies":[{"name":"wp","href":"https:\/\/api.w.org\/{rel}","templated":true}]}}