{"id":192,"date":"2022-02-07T16:00:56","date_gmt":"2022-02-07T15:00:56","guid":{"rendered":"https:\/\/chiaraissa.de\/versandarten\/"},"modified":"2022-11-29T13:49:24","modified_gmt":"2022-11-29T12:49:24","slug":"versandarten","status":"publish","type":"page","link":"https:\/\/chiaraissa.de\/fr\/shop\/versandarten\/","title":{"rendered":"Versandarten"},"content":{"rendered":"<h2 class=\"entry-title\">Versandarten<\/h2>\n<p>Ich versende alle bestellten Bilder \u00fcber DHL oder Hermes.<br \/>\nAuf Wunsch ist eine Abholung auch nach vorheriger Terminvereinbarung in meinem Atelier in Worpswede m\u00f6glich.<\/p>\n<p><strong>Versandkosten:<br \/>\n<\/strong>Sie k\u00f6nnen auf Wunsch den Versandkostenaufwand direkt mit der K\u00fcnstlerin besprechen, und es wird dann ein Kostenvorschlag gemacht.<\/p>\n","protected":false},"excerpt":{"rendered":"<p>Versandarten Ich versende alle bestellten Bilder \u00fcber DHL oder Hermes. Auf Wunsch ist eine Abholung auch nach vorheriger Terminvereinbarung in meinem Atelier in Worpswede m\u00f6glich. Versandkosten: Sie k\u00f6nnen auf Wunsch den Versandkostenaufwand direkt mit der K\u00fcnstlerin besprechen, und es wird dann ein Kostenvorschlag gemacht.<\/p>\n","protected":false},"author":1,"featured_media":0,"parent":83,"menu_order":6,"comment_status":"closed","ping_status":"closed","template":"","meta":{"footnotes":""},"class_list":["post-192","page","type-page","status-publish","hentry"],"aioseo_notices":[],"_links":{"self":[{"href":"https:\/\/chiaraissa.de\/fr\/wp-json\/wp\/v2\/pages\/192","targetHints":{"allow":["GET"]}}],"collection":[{"href":"https:\/\/chiaraissa.de\/fr\/wp-json\/wp\/v2\/pages"}],"about":[{"href":"https:\/\/chiaraissa.de\/fr\/wp-json\/wp\/v2\/types\/page"}],"author":[{"embeddable":true,"href":"https:\/\/chiaraissa.de\/fr\/wp-json\/wp\/v2\/users\/1"}],"replies":[{"embeddable":true,"href":"https:\/\/chiaraissa.de\/fr\/wp-json\/wp\/v2\/comments?post=192"}],"version-history":[{"count":6,"href":"https:\/\/chiaraissa.de\/fr\/wp-json\/wp\/v2\/pages\/192\/revisions"}],"predecessor-version":[{"id":849,"href":"https:\/\/chiaraissa.de\/fr\/wp-json\/wp\/v2\/pages\/192\/revisions\/849"}],"up":[{"embeddable":true,"href":"https:\/\/chiaraissa.de\/fr\/wp-json\/wp\/v2\/pages\/83"}],"wp:attachment":[{"href":"https:\/\/chiaraissa.de\/fr\/wp-json\/wp\/v2\/media?parent=192"}],"curies":[{"name":"wp","href":"https:\/\/api.w.org\/{rel}","templated":true}]}}