{"id":190,"date":"2022-02-07T16:00:56","date_gmt":"2022-02-07T15:00:56","guid":{"rendered":"https:\/\/chiaraissa.de\/agb\/"},"modified":"2022-12-12T21:34:01","modified_gmt":"2022-12-12T20:34:01","slug":"agb","status":"publish","type":"page","link":"https:\/\/chiaraissa.de\/fr\/agb\/","title":{"rendered":"AGB"},"content":{"rendered":"<h3>Allgemeine Gesch\u00e4ftsbedingungen<\/h3>\n<p><strong>1 <\/strong>Es gelten die Bestimmungen des deutschen Rechts (BGB)F\u00fcr alle meine Artikel gilt: Das Urheber- und Vervielf\u00e4ltigungrecht, f\u00fcr alle Produkte, liegt bei Chia Raissa Gildemeister \u00a9 all rights reserved.<\/p>\n<p>Die Kaufvertragsparteien vereinbaren f\u00fcr den Fall der Aus\u00fcbung des Verbraucherwiderrufsrechts, dass der K\u00e4ufer die regelm\u00e4\u00dfigen Kosten der R\u00fccksendung tr\u00e4gt.<br \/>\nDie R\u00fccksendung ist als versichertes Paket oder als Einschreiben zu erfolgen.<br \/>\nWenn die gelieferte Ware der bestellten entspricht und wenn der Preis der zur\u00fcckzusendenden Sache einen Betrag von 40 Euro nicht \u00fcbersteigt oder wenn der K\u00e4ufer bei einem h\u00f6heren Preis der Sache zum Zeitpunkt des Widerrufs noch nicht die Gegenleistung oder eine vertraglich vereinbarte Teilzahlung erbracht hat.<\/p>\n<p>Farbabweichungen:<br \/>\nIn meinem Online-Shop finden Sie Darstellungen meiner Malereien. Diese sind s\u00e4mtlich gefertigte Unikate, deren genaue Form und Farbe auch von den Bedingungen der Fotos abh\u00e4ngen. Ich versuche auf den Fotos die Farben so wirklichkeitsgetreu wie m\u00f6glich wiederzugeben.<br \/>\nDa die auf den Webseiten dargestellten Farben auch von den Einstellungen Ihres Bildschirms abh\u00e4ngen, kann keine Garantie f\u00fcr die Farbgenauigkeit \u00fcbernommen werden. Abweichungen der Abbildungen vom Originalfarbton sind daher technisch bedingt und gelten nicht als Mangel. Auf Anfrage k\u00f6nnen vor dem Kauf noch weitere Fotos meiner Werke erstellt werden, um eine genauere Darstellung von den Bildern zu erhalten.<\/p>\n<p>Die angegebenen Preise sind Endpreise, zzgl.Versandkosten.<\/p>\n<p>Geltungsbereich<\/p>\n<p>F\u00fcr alle Bestellungen \u00fcber unseren Online-Shop durch Verbraucher und Unternehmer gelten die nachfolgenden AGB.<\/p>\n<p>Verbraucher ist jede nat\u00fcrliche Person, die ein Rechtsgesch\u00e4ft zu Zwecken abschlie\u00dft, die \u00fcberwiegend weder ihrer gewerblichen noch ihrer selbst\u00e4ndigen beruflichen T\u00e4tigkeit zugerechnet werden k\u00f6nnen. Unternehmer ist eine nat\u00fcrliche oder juristische Person oder eine rechtsf\u00e4hige Personengesellschaft, die bei Abschluss eines Rechtsgesch\u00e4fts in Aus\u00fcbung ihrer gewerblichen oder selbst\u00e4ndigen beruflichen T\u00e4tigkeit handelt.<\/p>\n<p>Gegen\u00fcber Unternehmern gelten diese AGB auch f\u00fcr k\u00fcnftige Gesch\u00e4ftsbeziehungen, ohne dass wir nochmals auf sie hinweisen m\u00fcssten. Verwendet der Unternehmer entgegenstehende oder erg\u00e4nzende Allgemeine Gesch\u00e4ftsbedingungen, wird deren Geltung hiermit widersprochen; sie werden nur dann Vertragsbestandteil, wenn ich ausdr\u00fccklich dem zustimme.<\/p>\n<p><strong>2. Vertragspartner, Vertragsschluss<\/strong><\/p>\n<p>Der Kaufvertrag kommt zustande mit dem ATELIER Chia Raissa Gildemeister.<\/p>\n<p>Mit Einstellung der Produkte in den Online-Shop geben wir ein verbindliches Angebot zum Vertragsschluss \u00fcber diese Artikel ab. Sie k\u00f6nnen unsere Produkte zun\u00e4chst unverbindlich in den Warenkorb legen und Ihre Eingaben vor Absenden Ihrer verbindlichen Bestellung jederzeit korrigieren, indem Sie die hierf\u00fcr im Bestellablauf vorgesehenen und erl\u00e4uterten Korrekturhilfen nutzen. Der Vertrag kommt zustande, indem Sie durch Anklicken des Bestellbuttons das Angebot \u00fcber die im Warenkorb enthaltenen Waren annehmen. Unmittelbar nach dem Absenden der Bestellung erhalten Sie noch einmal eine Best\u00e4tigung per E-Mail.<br \/>\nBei der Auftragsmalerei werden vor der Auftragsbest\u00e4tigung noch evtl. Fragen gekl\u00e4rt.<br \/>\nAuftragsbilder die extra angefertigt werden, m\u00fcssen mit 50% angezahlt werden.<\/p>\n<p><strong>3. Vertragssprache, Vertragstextspeicherung<\/strong><\/p>\n<p>Die f\u00fcr den Vertragsschluss zur Verf\u00fcgung stehende Sprache ist Deutsch.<\/p>\n<p><strong>4. Lieferbedingungen<\/strong><\/p>\n<p>Zuz\u00fcglich zu den angegebenen Produktpreisen kommen noch Versandkosten hinzu. Sie k\u00f6nnen auf Wunsch den Versandkostenaufwand direkt mit der K\u00fcnstlerin besprechen und es wird dann ein Kostenvorschlag gemacht.<\/p>\n<p>Sie haben grunds\u00e4tzlich die M\u00f6glichkeit der Abholung im Atelier Chia Raissa Gildemeister, Bauernreihe 6a, 27726 Worpsdwede, Deutschland.<br \/>\nAlle Lieferungen erfolgen an die Adresse der K\u00e4ufer und nicht an Packstationen.<\/p>\n<p>Erneuter Versand nach Empfangsvers\u00e4umnis:<\/p>\n<p>Nach dem Versand der Ware erhalten Sie die Versandinformationen \u00fcber Ihre Mailadresse, mit der Sendungsnummer .<br \/>\nWird die Ware nicht pers\u00f6nlich entgegengenommen, dann wird, wenn dem Spediteur kein weiterer Lieferhinweis vorliegt, die Ware im Depot\/ Poststelle in Ihrer N\u00e4he hinterlegt. Die Abholung k\u00f6nnen Sie mittels hinterlassener Notiz oder Lichtbildausweis durchf\u00fchren.<br \/>\nSollten Sie die Ware nicht innerhalb der gesetzten Frist abholen, dann erfolgt die R\u00fccksendung.<br \/>\nDie entstandenen Mehrkosten der R\u00fccksendung, wird Ihnen in Rechnung gestellt.Eine erneute Zustellung der Ware ist m\u00f6glich, bedingt jedoch die Begleichung der Mehrkosten, die durch den R\u00fccktransport entstanden sind und durch die neue Lieferung entstehen.<\/p>\n<p>F\u00fcr eine zweite Auslieferung (und auch jeder weiteren Auslieferung derselben Bestellung) werden die Lieferkosten erneut berechnet. Der Preis beinhaltet die R\u00fcckf\u00fchrungsgeb\u00fchren f\u00fcr den ersten Zustellungsversuch und den erneuten Postversand f\u00fcr die zweite Auslieferung.<\/p>\n<p><strong>5. Bezahlung<\/strong><\/p>\n<p><strong>Vorkasse<br \/>\n<\/strong>\u00dcberweisungen direkt an meine Bankverbindung. Bitte nutzen Sie die Bestellnummer als Verwendungszweck. Ihre Bestellung wird erst nach Geldeingang auf meinem Konto versandt. Die Konto &#8211; Informationen erhalten Sie hierzu nach Abschluss des Bestellvorgangs im Shop.<\/p>\n<p><strong>Nachnahme<\/strong><br \/>\nBezahlung bei Lieferung mit Bargeld (oder auf andere Weise).<\/p>\n<p><strong>Barzahlung bei Abholung<\/strong><br \/>\nSie zahlen den Rechnungsbetrag bei der Abholung bar.<\/p>\n<p><strong>6. Eigentumsvorbehalt<\/strong><\/p>\n<p>Die Ware bleibt bis zur vollst\u00e4ndigen Bezahlung in mein Eigentum.<br \/>\nF\u00fcr Unternehmer gilt erg\u00e4nzend: Wir behalten uns das Eigentum an der Ware bis zur vollst\u00e4ndigen Begleichung aller Forderungen aus einer laufenden Gesch\u00e4ftsbeziehung vor. Sie d\u00fcrfen die Vorbehaltsware im ordentlichen Gesch\u00e4ftsbetrieb weiterver\u00e4u\u00dfern; s\u00e4mtliche aus diesem Weiterverkauf entstehenden Forderungen treten Sie \u2013 unabh\u00e4ngig von einer Verbindung oder Vermischung der Vorbehaltsware mit einer neuen Sache \u2013 in H\u00f6he des Rechnungsbetrages an uns im Voraus ab, und wir nehmen diese Abtretung an. Sie bleiben zur Einziehung der Forderungen erm\u00e4chtigt, wir d\u00fcrfen Forderungen jedoch auch selbst einziehen, soweit Sie Ihren Zahlungsverpflichtungen nicht nachkommen.<\/p>\n<p><strong>7. Gew\u00e4hrleistung und Garantien<\/strong><\/p>\n<p>Soweit nicht nachstehend ausdr\u00fccklich anders vereinbart, gilt das gesetzliche M\u00e4ngelhaftungsrecht.<\/p>\n<p>Informationen zu gegebenenfalls geltenden zus\u00e4tzlichen Garantien und deren genaue Bedingungen finden Sie jeweils beim Produkt.<\/p>\n<p><strong>8. Haftung<\/strong><\/p>\n<p>F\u00fcr Anspr\u00fcche aufgrund von Sch\u00e4den, die durch uns, unsere gesetzlichen Vertreter oder Erf\u00fcllungsgehilfen verursacht wurden, haften wir stets unbeschr\u00e4nkt<\/p>\n<ul>\n<li>bei Verletzung des Lebens, des K\u00f6rpers oder der Gesundheit,<\/li>\n<li>bei vors\u00e4tzlicher oder grob fahrl\u00e4ssiger Pflichtverletzung,<\/li>\n<li>bei Garantieversprechen, soweit vereinbart, oder<\/li>\n<li>soweit der Anwendungsbereich des Produkthaftungsgesetzes er\u00f6ffnet ist.<\/li>\n<\/ul>\n<p>Bei Verletzung wesentlicher Vertragspflichten, deren Erf\u00fcllung die ordnungsgem\u00e4\u00dfe Durchf\u00fchrung des Vertrages \u00fcberhaupt erst erm\u00f6glicht und auf deren Einhaltung der Vertragspartner regelm\u00e4\u00dfig vertrauen darf, (Kardinalpflichten) durch leichte Fahrl\u00e4ssigkeit von uns, unseren gesetzlichen Vertretern oder Erf\u00fcllungsgehilfen ist die Haftung der H\u00f6he nach auf den bei Vertragsschluss vorhersehbaren Schaden begrenzt, mit dessen Entstehung typischerweise gerechnet werden muss. Im \u00dcbrigen sind Anspr\u00fcche auf Schadensersatz ausgeschlossen.<\/p>\n<div>Hinweis:<\/div>\n<div>Als Dienstleister bin ich f\u00fcr eigene Inhalte auf diesen Seiten nach dem allgemeinen Gesetzen verantwortlich.<\/div>\n<div>Jedoch bin ich nicht verpflichtet, \u00fcbermittelte oder gespeicherte fremde Informationen zu \u00fcberwachen oder nach Umst\u00e4nden zu forschen, die auf eine rechtswidrige T\u00e4tigkeit hinweisen.<\/div>\n<div><\/div>\n<div>\n<p>Haftung f\u00fcr Links zu externen Webseiten Dritter, auf deren Inhalt ich keinen Einflu\u00df habe. Deshalb werde ich f\u00fcr diese fremden Inhalte auch keine Gew\u00e4hr \u00fcbernehmen.<\/p>\n<\/div>\n<p><strong>9. Streitbeilegung<\/strong><\/p>\n<p>Die Europ\u00e4ische Kommission stellt eine Plattform zur Online-Streitbeilegung (OS) bereit, die Sie hier finden<a href=\"https:\/\/ec.europa.eu\/consumers\/odr\/\" target=\"_blank\" rel=\"nofollow noopener\">https:\/\/ec.europa.eu\/consumers\/odr\/<\/a>.<br \/>\nZur Teilnahme an einem Streitbeilegungsverfahren vor einer Verbraucherschlichtungsstelle sind wir nicht verpflichtet und nicht bereit.<\/p>\n<div>\n<p><strong>10. Schlussbestimmungen<\/strong><\/p>\n<p>Sind Sie Unternehmer, dann gilt deutsches Recht unter Ausschluss des UN-Kaufrechts. Sind Sie Kaufmann im Sinne des Handelsgesetzbuches, juristische Person des \u00f6ffentlichen Rechts oder \u00f6ffentlich-rechtliches Sonderverm\u00f6gen, ist ausschlie\u00dflicher Gerichtsstand f\u00fcr alle Streitigkeiten aus Vertragsverh\u00e4ltnissen zwischen uns und Ihnen meine Adresse.<\/p>\n<\/div>\n","protected":false},"excerpt":{"rendered":"<p>Allgemeine Gesch\u00e4ftsbedingungen 1 Es gelten die Bestimmungen des deutschen Rechts (BGB)F\u00fcr alle meine Artikel gilt: Das Urheber- und Vervielf\u00e4ltigungrecht, f\u00fcr alle Produkte, liegt bei Chia Raissa Gildemeister \u00a9 all rights reserved. Die Kaufvertragsparteien vereinbaren f\u00fcr den Fall der Aus\u00fcbung des Verbraucherwiderrufsrechts, dass der K\u00e4ufer die regelm\u00e4\u00dfigen Kosten der R\u00fccksendung tr\u00e4gt. Die R\u00fccksendung ist als versichertes&#8230;<\/p>\n","protected":false},"author":1,"featured_media":0,"parent":0,"menu_order":4,"comment_status":"closed","ping_status":"closed","template":"","meta":{"footnotes":""},"class_list":["post-190","page","type-page","status-publish","hentry"],"aioseo_notices":[],"_links":{"self":[{"href":"https:\/\/chiaraissa.de\/fr\/wp-json\/wp\/v2\/pages\/190","targetHints":{"allow":["GET"]}}],"collection":[{"href":"https:\/\/chiaraissa.de\/fr\/wp-json\/wp\/v2\/pages"}],"about":[{"href":"https:\/\/chiaraissa.de\/fr\/wp-json\/wp\/v2\/types\/page"}],"author":[{"embeddable":true,"href":"https:\/\/chiaraissa.de\/fr\/wp-json\/wp\/v2\/users\/1"}],"replies":[{"embeddable":true,"href":"https:\/\/chiaraissa.de\/fr\/wp-json\/wp\/v2\/comments?post=190"}],"version-history":[{"count":15,"href":"https:\/\/chiaraissa.de\/fr\/wp-json\/wp\/v2\/pages\/190\/revisions"}],"predecessor-version":[{"id":865,"href":"https:\/\/chiaraissa.de\/fr\/wp-json\/wp\/v2\/pages\/190\/revisions\/865"}],"wp:attachment":[{"href":"https:\/\/chiaraissa.de\/fr\/wp-json\/wp\/v2\/media?parent=190"}],"curies":[{"name":"wp","href":"https:\/\/api.w.org\/{rel}","templated":true}]}}