{"id":189,"date":"2022-02-07T16:00:56","date_gmt":"2022-02-07T15:00:56","guid":{"rendered":"https:\/\/chiaraissa.de\/impressum\/"},"modified":"2022-12-13T12:47:41","modified_gmt":"2022-12-13T11:47:41","slug":"impressum","status":"publish","type":"page","link":"https:\/\/chiaraissa.de\/fr\/impressum\/","title":{"rendered":"Impressum"},"content":{"rendered":"<h1>Impressum<\/h1>\n<p>Chia Raissa Gildemeister<br \/>\nNordwederstra\u00dfe 13a<br \/>\n27726 Worpswede<\/p>\n<p>Mobil: 0170 9074481<\/p>\n<p>E-Mail: <a href=\"mailto:chiaraissa@icloud.com\">chiaraissa@icloud.com<\/a><\/p>\n<p>Trotz sorgf\u00e4ltiger inhaltlicher Kontrolle \u00fcbernehmen wir keine Haftung f\u00fcr die Inhalte externer Links. F\u00fcr den Inhalt der verlinkten Seiten sind ausschlie\u00dflich deren Betreiber verantwortlich. Diese Website bildet den tempor\u00e4ren Stand eines kontinuierlichen Arbeitsprozesses ab. Obwohl gr\u00f6\u00dfte Sorgfalt angewandt wurde, kann Chia Raissa Gildemeister f\u00fcr die Aktualit\u00e4t, Richtigkeit oder Vollst\u00e4ndigkeit der Informationen keine Gew\u00e4hr \u00fcbernehmen. Alle Angebote sind freibleibend und unverbindlich, \u00c4nderungen vorbehalten.<\/p>\n<p>Alle innerhalb dieser Website genannten Marken- und Warenzeichen unterliegen uneingeschr\u00e4nkt den Bestimmungen des jeweils g\u00fcltigen Kennzeichnungsrechtes und gegebenenfalls den Besitzrechten der jeweiligen eingetragenen Eigent\u00fcmer.<\/p>\n<p>Gestaltung der Webseite:<br \/>\n<a href=\"https:\/\/www.extractdesign.com\" target=\"_blank\" rel=\"noopener\">Extract Associated Designers<\/a><\/p>\n","protected":false},"excerpt":{"rendered":"<p>Impressum Chia Raissa Gildemeister Nordwederstra\u00dfe 13a 27726 Worpswede Mobil: 0170 9074481 E-Mail: chiaraissa@icloud.com Trotz sorgf\u00e4ltiger inhaltlicher Kontrolle \u00fcbernehmen wir keine Haftung f\u00fcr die Inhalte externer Links. F\u00fcr den Inhalt der verlinkten Seiten sind ausschlie\u00dflich deren Betreiber verantwortlich. Diese Website bildet den tempor\u00e4ren Stand eines kontinuierlichen Arbeitsprozesses ab. Obwohl gr\u00f6\u00dfte Sorgfalt angewandt wurde, kann Chia Raissa&#8230;<\/p>\n","protected":false},"author":1,"featured_media":0,"parent":0,"menu_order":5,"comment_status":"closed","ping_status":"closed","template":"","meta":{"footnotes":""},"class_list":["post-189","page","type-page","status-publish","hentry"],"aioseo_notices":[],"_links":{"self":[{"href":"https:\/\/chiaraissa.de\/fr\/wp-json\/wp\/v2\/pages\/189","targetHints":{"allow":["GET"]}}],"collection":[{"href":"https:\/\/chiaraissa.de\/fr\/wp-json\/wp\/v2\/pages"}],"about":[{"href":"https:\/\/chiaraissa.de\/fr\/wp-json\/wp\/v2\/types\/page"}],"author":[{"embeddable":true,"href":"https:\/\/chiaraissa.de\/fr\/wp-json\/wp\/v2\/users\/1"}],"replies":[{"embeddable":true,"href":"https:\/\/chiaraissa.de\/fr\/wp-json\/wp\/v2\/comments?post=189"}],"version-history":[{"count":4,"href":"https:\/\/chiaraissa.de\/fr\/wp-json\/wp\/v2\/pages\/189\/revisions"}],"predecessor-version":[{"id":869,"href":"https:\/\/chiaraissa.de\/fr\/wp-json\/wp\/v2\/pages\/189\/revisions\/869"}],"wp:attachment":[{"href":"https:\/\/chiaraissa.de\/fr\/wp-json\/wp\/v2\/media?parent=189"}],"curies":[{"name":"wp","href":"https:\/\/api.w.org\/{rel}","templated":true}]}}